{"id":29,"date":"2023-02-16T19:05:28","date_gmt":"2023-02-16T19:05:28","guid":{"rendered":"https:\/\/medoledavedere.it\/?page_id=29"},"modified":"2023-03-01T18:22:54","modified_gmt":"2023-03-01T18:22:54","slug":"la-deposizione-del-mantegna","status":"publish","type":"page","link":"https:\/\/medoledavedere.it\/en\/la-deposizione-del-mantegna\/","title":{"rendered":"Mantegna\u2019s Deposition"},"content":{"rendered":"<div class=\"_previewContent_axfrr_8\">\n<div class=\"_app_wmwjr_5\">\n<div class=\"_headerContainer_q32w0_1\">\n<div class=\"_viewport_1anuf_1\">\n<div class=\"_sizer_1anuf_24\">\n<div class=\"_layer_1anuf_41\">\n<div class=\"\">\n<div>\n<h2><\/h2>\n<figure id=\"attachment_33\" aria-describedby=\"caption-attachment-33\" style=\"width: 660px\" class=\"wp-caption alignnone\"><img fetchpriority=\"high\" decoding=\"async\" class=\"wp-image-33 size-large\" src=\"https:\/\/medoledavedere.it\/wp-content\/uploads\/2023\/02\/image-6-1024x681.jpeg\" alt=\"\" width=\"660\" height=\"439\" srcset=\"https:\/\/medoledavedere.it\/wp-content\/uploads\/2023\/02\/image-6-1024x681.jpeg 1024w, https:\/\/medoledavedere.it\/wp-content\/uploads\/2023\/02\/image-6-300x199.jpeg 300w, https:\/\/medoledavedere.it\/wp-content\/uploads\/2023\/02\/image-6-768x511.jpeg 768w, https:\/\/medoledavedere.it\/wp-content\/uploads\/2023\/02\/image-6-1536x1021.jpeg 1536w, https:\/\/medoledavedere.it\/wp-content\/uploads\/2023\/02\/image-6-2048x1362.jpeg 2048w\" sizes=\"(max-width: 660px) 100vw, 660px\" \/><figcaption id=\"caption-attachment-33\" class=\"wp-caption-text\">Deposition, detail of Christ<\/figcaption><\/figure>\n<\/div>\n<div><\/div>\n<div><\/div>\n<div class=\"_toolbar-flipper_1c1zh_96 _toolbar-flipper-right_1c1zh_125\"><span data-contrast=\"none\">The group of sculptures in polychrome terracotta, now in the parish church in\nMedole, was attributed to Guido Mazzoni (1440\/50-1518) nicknamed \u201cil Modanino\u201d,\nbut following recent restoration, it was recognized as an extraordinary example of an\nanonymous artist closely linked to the school of Mantegna, who certainly inspired its\ncomposition.<\/span><span data-ccp-props=\"{&quot;134233117&quot;:false,&quot;134233118&quot;:false,&quot;201341983&quot;:2,&quot;335551550&quot;:6,&quot;335551620&quot;:6,&quot;335559738&quot;:0,&quot;335559739&quot;:0,&quot;335559740&quot;:252}\">\u00a0<\/span><\/div>\n<\/div>\n<\/div>\n<\/div>\n<\/div>\n<\/div>\n<\/div>\n<\/div>\n<p><span data-contrast=\"none\">Its arrangement closely resembles \u201cLa Deposizione di Cristo\u201d (The Deposition of\nChrist) by the Paduan artist, especially in the posture of the characters, in the striking\nrendering of the faces, in the great emphasis and pathos that characterize all the\nstatues, which takes Mantegna\u2019s dramatic structure to extremes.<\/span><span data-ccp-props=\"{&quot;134233117&quot;:false,&quot;134233118&quot;:false,&quot;201341983&quot;:2,&quot;335551550&quot;:6,&quot;335551620&quot;:6,&quot;335559738&quot;:0,&quot;335559739&quot;:0,&quot;335559740&quot;:252}\">\u00a0<\/span><\/p>\n<p><span data-contrast=\"none\">The courteous attitude of the Mary who is helping fainting Virgin Mary, screaming\nMagdalene, heartbroken Saint John the Evangelist, all find specific references in\nmany works of the Paduan artist: here his superb craftsmanship comes out powerfully\nin all its intensity.<\/span><span data-ccp-props=\"{&quot;134233117&quot;:false,&quot;134233118&quot;:false,&quot;201341983&quot;:2,&quot;335551550&quot;:6,&quot;335551620&quot;:6,&quot;335559738&quot;:0,&quot;335559739&quot;:0,&quot;335559740&quot;:252}\">\u00a0<\/span><\/p>\n<p><span data-contrast=\"none\">The attribution of the work to a plastic artist from the close circle of master Andrea \u2013\nhypothesis put forward by Giuliana Algeri \u2013 is clearly recognisable in the shades of\ncolour of the polychromy, which takes from Mantegna the usual combinations of red\nand acid green, of white and ochre.<\/span><span data-ccp-props=\"{&quot;134233117&quot;:false,&quot;134233118&quot;:false,&quot;201341983&quot;:2,&quot;335551550&quot;:6,&quot;335551620&quot;:6,&quot;335559738&quot;:0,&quot;335559739&quot;:0,&quot;335559740&quot;:252}\">\u00a0<\/span><\/p>\n<p><span data-contrast=\"none\">The work comes from the demolished church of the Annunciation, joined to the\nfifteenth-century Augustine convent and built on the border between the towns of\nCastelgoffredo and Medole.<\/span><span data-ccp-props=\"{&quot;134233117&quot;:false,&quot;134233118&quot;:false,&quot;201341983&quot;:2,&quot;335551550&quot;:6,&quot;335551620&quot;:6,&quot;335559738&quot;:0,&quot;335559739&quot;:0,&quot;335559740&quot;:252}\">\u00a0<\/span><\/p>\n<div class=\"_previewContent_axfrr_8\">\n<div class=\"_app_wmwjr_5\">\n<div class=\"_headerContainer_q32w0_1\">\n<div class=\"_viewport_1anuf_1\">\n<div class=\"_sizer_1anuf_24\">\n<div class=\"_layer_1anuf_41\">\n<div class=\"\">\n<div class=\"_toolbar-holder_1c1zh_11\" data-testid=\"fvsdk_floating_toolbar\">\n<div class=\"_slideTransition_5e2zk_28\">\n<div class=\"_toolbar_1c1zh_11\" role=\"toolbar\" aria-hidden=\"false\">\n<div class=\"_toolbar-row_1c1zh_53 _toolbar-filename-row_1c1zh_172\">\n<div class=\"_toolbar-section_1c1zh_74 _toolbar-filename-section_1c1zh_176 _toolbar-filename-section-title_1c1zh_180\">\n<div class=\"_toolbar-filename-section-title_1c1zh_180\">\n<div class=\"dig-Truncate fvsdk__toolbar-filename _toolbar-filename_1c1zh_172\" title=\"47-.JPG\">\n<figure id=\"attachment_30\" aria-describedby=\"caption-attachment-30\" style=\"width: 660px\" class=\"wp-caption alignnone\"><img decoding=\"async\" class=\"wp-image-30 size-large\" src=\"https:\/\/medoledavedere.it\/wp-content\/uploads\/2023\/02\/image-3-1024x602.jpeg\" alt=\"\" width=\"660\" height=\"388\" srcset=\"https:\/\/medoledavedere.it\/wp-content\/uploads\/2023\/02\/image-3-1024x602.jpeg 1024w, https:\/\/medoledavedere.it\/wp-content\/uploads\/2023\/02\/image-3-300x176.jpeg 300w, https:\/\/medoledavedere.it\/wp-content\/uploads\/2023\/02\/image-3-768x451.jpeg 768w, https:\/\/medoledavedere.it\/wp-content\/uploads\/2023\/02\/image-3-1536x902.jpeg 1536w, https:\/\/medoledavedere.it\/wp-content\/uploads\/2023\/02\/image-3-2048x1203.jpeg 2048w\" sizes=\"(max-width: 660px) 100vw, 660px\" \/><figcaption id=\"caption-attachment-30\" class=\"wp-caption-text\">Deposition, overview<\/figcaption><\/figure>\n<\/div>\n<\/div>\n<\/div>\n<\/div>\n<\/div>\n<\/div>\n<\/div>\n<\/div>\n<div class=\"_previewContent_axfrr_8\">\n<div class=\"_app_wmwjr_5\">\n<div class=\"_headerContainer_q32w0_1\">\n<div class=\"_viewport_1anuf_1\">\n<div class=\"_sizer_1anuf_24\">\n<div class=\"_layer_1anuf_41\"><img decoding=\"async\" class=\"_smallImg_1anuf_15\" src=\"https:\/\/previews.dropbox.com\/p\/thumb\/ABypIi9wPMDhpvVrKMcABKfsh_9LGpogaHdNkZ-BAdRflwfVgyIqHitUmM9dd8XrDQ5X8jvpU3UfyaVP_b0zSp5HJQp7Aq9mujUX4FZXN4cKxnIAqcuJ8r0ja5ZJRHKHa5BqrwniD9fbauvpNRr1JSdOdUJhPK_XKrFy7zPbtFa5la66JOT_EYJ2fcqUVkBKa8ZcyEOja6-DOrFfG80-OxCx4F_YNF6Vhl5gPfeHghBA3H6ZoUF_owSJzMO2VcsBDyyhYzPcOa-Jgk3qVmJ0uVKEz7xsiuyBnDMDo_17tYotusa9I0cmhodWG8WIeOOR6dg_r0alziVI7FnKQHIoXfUpJ9B-2AUhp9cV0B4H-CyMEwoTsfFLe0_rDQezuzoUvVE\/p.jpeg\" srcset=\"https:\/\/previews.dropbox.com\/p\/thumb\/ABzZEcYusimMIkcPpCDnsj3I5AK16b-dsZj3x0NgALhw3Xf3kF_8KPR6e99ab_VYJJJVykc1WyGGVkdG-9w8xCmgilD8ZovsQwB-bmptJB2PRpKA6shvplKJIMrkCepL9utulH086BqcPW-Gav98henJIMhzJFet3jryvZyIJLXBaEWAenxldLqzPf0Xz_OQUYgFRelU4czcqRtWpZLpRl6XuiQqss0mRoSMNT5t9n0jsSZrxjBse4NdFcEhYHF044jbtBow8yYJiwEnfS5S0xD_iz05yflVQErWP4mxbv_0QkH7clOpONm5umMEhj6CUYIxfhTFVeo5TCR7CcYUibbXV1tf6AydpPwxNrb7efmsZXVcihQlckB1YjvwMjNZ1zI\/p.jpeg 480w, https:\/\/previews.dropbox.com\/p\/thumb\/ABwr0o59soD83zfKlU4qZNjE_X9CrDUUptt3mbdQpwCGNqdYQc0KoZ7h6NioncqfJSEPGoLwsQxRGyljHU_DfgltapxhTZ5Av1ijmsqcESp-SPQbteFPRdmq_8sEPJDz46hSfASZE1HvjPazRr-D2E2x99SHxlFT5zqBwIactio_fYcwABZCdmJcF47nqUhKEinDDlvNvSoh9TrZo7OvQUODXaQCkZADEp46MCFF6eUiho9aH4KA4gDMCI24Trbcfxg7X5FSmyCch2frlRzT-qpBr0IrXWWi9ttwyEKKKzb4y6WvHPng5aJzva2G5hf8TAybodrSdW0m3YNU-4gor2PdHwJjy86pcOWxViaqGUrRVy51aHjfxoTxowOB7dAqvC8\/p.jpeg 640w, https:\/\/previews.dropbox.com\/p\/thumb\/ABypIi9wPMDhpvVrKMcABKfsh_9LGpogaHdNkZ-BAdRflwfVgyIqHitUmM9dd8XrDQ5X8jvpU3UfyaVP_b0zSp5HJQp7Aq9mujUX4FZXN4cKxnIAqcuJ8r0ja5ZJRHKHa5BqrwniD9fbauvpNRr1JSdOdUJhPK_XKrFy7zPbtFa5la66JOT_EYJ2fcqUVkBKa8ZcyEOja6-DOrFfG80-OxCx4F_YNF6Vhl5gPfeHghBA3H6ZoUF_owSJzMO2VcsBDyyhYzPcOa-Jgk3qVmJ0uVKEz7xsiuyBnDMDo_17tYotusa9I0cmhodWG8WIeOOR6dg_r0alziVI7FnKQHIoXfUpJ9B-2AUhp9cV0B4H-CyMEwoTsfFLe0_rDQezuzoUvVE\/p.jpeg 800w, https:\/\/previews.dropbox.com\/p\/thumb\/ABxLlhZa3a72HdUB1elv9PmtmlHcm5ghvjKaGz6iFofjyEVlqjdvYtIVfY_ENw9vjU3uGrSVL7l4i0_nU-Qb6ezclklaftOxEJ2pxEcvEBDHObFRZqFQ-Kvwc5mTfNcuiM4UFR8XpGOA9bPqGPYng-RpxZsBX-gHZ_wztDvto73bDG3NqBg269wcZkw2BCBQhtCFEbpJUPnr5m1IHoTWUXmNbDtREybZU4duZ23yzouIz8aro3jVeZWbCG0LlBlOI9yHjbSTNhFAhA1pRi1SK3F72uU6pZMGr-5MettiedgcN_oIz18aBrBBvV6_9PoRkDxEKnoo-T-AT5UFAqUIAdTuiYfh_-dhPcnE-SmhCXLGql1wSeI0-y_8ehnd_fVAsyI\/p.jpeg 1024w, https:\/\/previews.dropbox.com\/p\/thumb\/AByXWYScLIaPYPpgoKeipZsfnx7gP3sNj08-YdJOUs41r3UwmdYCh1K6E-sydWq5WHc7QEltdIG8U_W4G7EDgW5KyGKNNbAstYq8CezIkwQc1KKygbaDyBgHhiPlaZczs7zXm2-tyN6npWhNgNi7M8XGrMMsPx5s3zIJYYfxlAidB_J_nKMDyM1_fCu-WVKXo1uwSE1qBwbjAm1ckCSTzkwdZKPzv_6nBBVxZZQCxgfh4tUoLz7bXXvUDrVo0s-CagrILLaDSNfh1QV5jm0jNDTTLFBu51_DSDkpbd20OfpIJsDXNigu5BeS1slk9vSLGVClZzDeNXcFvHnDuwa1h3mCOErmD0nKptkMxpedVnrO0fbqj4F7491nIbttk__VE34\/p.jpeg 1280w, https:\/\/previews.dropbox.com\/p\/thumb\/ABzCWeFcl6eH2Z_kMnRnTWbrooALw0DkXtqNv33fFT0UtTNLF-2voYiPONiwezlOjOjXcTTi37KcAalbAY98XZG3pvNtViidtFPCv0WP7e7tCQ2ONqBOJT8ouc4bVUJ1PUuZoJcbe5Ckb_vNzx3yko-pkNZQcYqKTlwufyqTKlvhppXmMEHbWq0Gd8M24MB0g9ZUHIaCys5s8Lk7K1F0sV7rwlySxnxhjOpX-fGm-t1PXdLYBALNH1ImgfDGJ121ehcazhhj5Ag2g-njtAp7jeCy1Hil8BV6c00--cDI-wOLlLYTS9IuRXxOWpvK2zG3m2JeX8omrfpfle306lRXtaPZu9s2sycLhuSNtfBbfc5v3CNw9ViZlXZmQ0qUDfxfxPs\/p.jpeg 1600w, https:\/\/previews.dropbox.com\/p\/thumb\/ABy_yILnZU5MUdM0EyslyUAYUQKAtVzi1kWLVB5QofZpe0F-TDxUD0y1Y1U46MNT7z4shUleOiUVBTtIGLyZ10sAJQ2kyg9ZMbcwyb5hS34B741x9ICNLdmZ1vA8eJUQb6xn01d515GTHqCowrbegXQtFPYQl6apTu9bxvggMlWKe6eldTst2jskg-OAnUT3S2TrQt3szZDtX9c8Qj31rF3uk8kzb_5wWQyQdwnPwJYLH84Z3POOz2DtEUKQFgx47wLwKEcmVz1b62AxVWMXT9gZO5iahJuHJ3vEvbUkO4aU-aHjBAPAdY1UMGwVVhb-Vb0R_KIBiL8nboRZdnNU6u5OX_Vd3FVePoEr4idGaA7CKw7xrOoAN7km8M3tfwSkoSI\/p.jpeg 2048w\" alt=\"\" aria-hidden=\"true\" data-testid=\"fv-sdk-img-preview-thumbnail\" \/><img decoding=\"async\" class=\"_fullSizeImg_1anuf_16\" src=\"https:\/\/previews.dropbox.com\/p\/thumb\/ABydA9alfEzfzBVEX4-MVwIT7dMmDj9GmYPpj4SKReMD9niFpFtY73-z0MI8jzfcJt1LqgAyo6KqbxC9TUjvSVwPB44_3rM5XrMNvkEdtZJytfPLMz5H_6ABqQN4oRj6Uz6TXsma9d97lFkWA4kumrCV90jyexdcOqaBBsL9psq7nCvTpo4b0k7M09uVlPor35UfduLEJWg-1tX2LniEEO-z-DWUS_uAPA0ZKjeS7gjC_XtxC5uHaxidOrAr6iYh5iY2VVVzDHQ0LeRTmGkz_BZIpHw-V9DgzymWcXkyqzAd56N4ZaOI40PSCXJDeuH-2Ov7Y5TSjD3b83l47tSnZovtvbhmu1HUTt89eeDgTuhcQV73eOhCA8i9sdnfOOxlBYU\/p.jpeg\" alt=\"\" data-testid=\"fv-sdk-img-preview-full-size\" \/><\/div>\n<\/div>\n<\/div>\n<\/div>\n<\/div>\n<\/div>\n<\/div>\n<\/div>\n<\/div>\n<\/div>\n<\/div>\n<\/div>\n<p><span data-contrast=\"none\">It is in relation to this work that the people of Medole hand down a legend from\ngeneration to generation: at the end of the 18 th century, after the suppression of the\naforementioned convent, the Deposizione should have been moved to Castelgoffredo\nthe following morning, but it was stolen night-time by the inhabitants of Medole\nthemselves who, while carrying the statue on a cart, are supposed to have chipped the\nstatue of Christ\u2026..Hence, this traditional folk poem:<\/span><span data-ccp-props=\"{&quot;201341983&quot;:0,&quot;335559739&quot;:200,&quot;335559740&quot;:276}\">\u00a0<\/span><\/p>\n<p>&nbsp;<\/p>\n<figure id=\"attachment_31\" aria-describedby=\"caption-attachment-31\" style=\"width: 1024px\" class=\"wp-caption alignnone\"><img decoding=\"async\" class=\"size-full wp-image-31\" src=\"https:\/\/medoledavedere.it\/wp-content\/uploads\/2023\/02\/image-4.jpeg\" alt=\"\" width=\"1024\" height=\"686\" srcset=\"https:\/\/medoledavedere.it\/wp-content\/uploads\/2023\/02\/image-4.jpeg 1024w, https:\/\/medoledavedere.it\/wp-content\/uploads\/2023\/02\/image-4-300x201.jpeg 300w, https:\/\/medoledavedere.it\/wp-content\/uploads\/2023\/02\/image-4-768x515.jpeg 768w\" sizes=\"(max-width: 1024px) 100vw, 1024px\" \/><figcaption id=\"caption-attachment-31\" class=\"wp-caption-text\">Deposition of Christ in the tomb, Andrea Mantegna engraver, Chiari (BS), Pinacoteca Repossi.<\/figcaption><\/figure>\n<figure id=\"attachment_32\" aria-describedby=\"caption-attachment-32\" style=\"width: 199px\" class=\"wp-caption alignnone\"><img loading=\"lazy\" decoding=\"async\" class=\"wp-image-32 size-medium\" src=\"https:\/\/medoledavedere.it\/wp-content\/uploads\/2023\/02\/image-5-199x300.jpeg\" alt=\"\" width=\"199\" height=\"300\" srcset=\"https:\/\/medoledavedere.it\/wp-content\/uploads\/2023\/02\/image-5-199x300.jpeg 199w, https:\/\/medoledavedere.it\/wp-content\/uploads\/2023\/02\/image-5-681x1024.jpeg 681w, https:\/\/medoledavedere.it\/wp-content\/uploads\/2023\/02\/image-5-768x1155.jpeg 768w, https:\/\/medoledavedere.it\/wp-content\/uploads\/2023\/02\/image-5-1021x1536.jpeg 1021w, https:\/\/medoledavedere.it\/wp-content\/uploads\/2023\/02\/image-5-1362x2048.jpeg 1362w, https:\/\/medoledavedere.it\/wp-content\/uploads\/2023\/02\/image-5-scaled.jpeg 1702w\" sizes=\"(max-width: 199px) 100vw, 199px\" \/><figcaption id=\"caption-attachment-32\" class=\"wp-caption-text\">Deposition, Le Marie<\/figcaption><\/figure>\n<p><i><span data-contrast=\"none\">Medulesi tristi tristi<\/span><\/i><br \/>\n<i><span data-contrast=\"none\">roba santi e s&#8217;cianca Cristi.<\/span><\/i><br \/>\n<i><span data-contrast=\"none\">Se vul\u00ec sain \u00f2na po&#8217; bela:<\/span><\/i><br \/>\n<i><span data-contrast=\"none\">i gh\u00e0 purtat vi\u00e0 el Sign\u00f9r co la barela.<\/span><\/i><\/p>\n<p>&nbsp;<\/p>\n<p><span data-contrast=\"none\">Medolesi tristi tristi<\/span><br \/>\n<span data-contrast=\"none\">ladri di Santi e demolitori di statue sacre.<\/span><br \/>\n<span data-contrast=\"none\">Se volete saperne una pi\u00f9 bella:<\/span><br \/>\n<span data-contrast=\"none\">loro hanno portato via Cristo con la barella.<\/span><span data-ccp-props=\"{&quot;134233117&quot;:false,&quot;134233118&quot;:false,&quot;201341983&quot;:2,&quot;335559738&quot;:0,&quot;335559739&quot;:0,&quot;335559740&quot;:252}\">\u00a0<\/span><\/p>\n<p><span data-ccp-props=\"{&quot;201341983&quot;:0,&quot;335559739&quot;:200,&quot;335559740&quot;:276}\">\u00a0<\/span><\/p>","protected":false},"excerpt":{"rendered":"<p>Il gruppo statuario in terracotta policroma oggi conservato nella Parrocchiale di Medole, era attribuito a Guido Mazzoni (1440\/50-1518) detto il Modanino, ma a seguito dei recenti restauri, \u00e8 stato riconosciuto come uno esempio straordinari di un anonimo strettamente legato alla scuola del Mantegna che di certo ne ha ispirato la composizione.\u00a0 La disposizione riprende da [&hellip;]<\/p>","protected":false},"author":2,"featured_media":0,"parent":0,"menu_order":0,"comment_status":"closed","ping_status":"closed","template":"","meta":{"_coblocks_attr":"","_coblocks_dimensions":"","_coblocks_responsive_height":"","_coblocks_accordion_ie_support":"","hide_page_title":"","footnotes":""},"class_list":["post-29","page","type-page","status-publish","hentry"],"yoast_head":"<!-- This site is optimized with the Yoast SEO plugin v27.4 - https:\/\/yoast.com\/product\/yoast-seo-wordpress\/ -->\n<title>La Deposizione del Mantegna - Medole da Vedere<\/title>\n<meta name=\"robots\" content=\"index, follow, max-snippet:-1, max-image-preview:large, max-video-preview:-1\" \/>\n<link rel=\"canonical\" href=\"https:\/\/medoledavedere.it\/en\/la-deposizione-del-mantegna\/\" \/>\n<meta property=\"og:locale\" content=\"en_GB\" \/>\n<meta property=\"og:type\" content=\"article\" \/>\n<meta property=\"og:title\" content=\"La Deposizione del Mantegna - Medole da Vedere\" \/>\n<meta property=\"og:description\" content=\"Il gruppo statuario in terracotta policroma oggi conservato nella Parrocchiale di Medole, era attribuito a Guido Mazzoni (1440\/50-1518) detto il Modanino, ma a seguito dei recenti restauri, \u00e8 stato riconosciuto come uno esempio straordinari di un anonimo strettamente legato alla scuola del Mantegna che di certo ne ha ispirato la composizione.\u00a0 La disposizione riprende da [&hellip;]\" \/>\n<meta property=\"og:url\" content=\"https:\/\/medoledavedere.it\/en\/la-deposizione-del-mantegna\/\" \/>\n<meta property=\"og:site_name\" content=\"Medole da Vedere\" \/>\n<meta property=\"article:modified_time\" content=\"2023-03-01T18:22:54+00:00\" \/>\n<meta property=\"og:image\" content=\"https:\/\/medoledavedere.it\/wp-content\/uploads\/2023\/02\/image-6-1024x681.jpeg\" \/>\n<meta name=\"twitter:card\" content=\"summary_large_image\" \/>\n<meta name=\"twitter:label1\" content=\"Estimated reading time\" \/>\n\t<meta name=\"twitter:data1\" content=\"4 minutes\" \/>\n<script type=\"application\/ld+json\" class=\"yoast-schema-graph\">{\"@context\":\"https:\\\/\\\/schema.org\",\"@graph\":[{\"@type\":\"WebPage\",\"@id\":\"https:\\\/\\\/medoledavedere.it\\\/la-deposizione-del-mantegna\\\/\",\"url\":\"https:\\\/\\\/medoledavedere.it\\\/la-deposizione-del-mantegna\\\/\",\"name\":\"La Deposizione del Mantegna - Medole da Vedere\",\"isPartOf\":{\"@id\":\"https:\\\/\\\/medoledavedere.it\\\/#website\"},\"primaryImageOfPage\":{\"@id\":\"https:\\\/\\\/medoledavedere.it\\\/la-deposizione-del-mantegna\\\/#primaryimage\"},\"image\":{\"@id\":\"https:\\\/\\\/medoledavedere.it\\\/la-deposizione-del-mantegna\\\/#primaryimage\"},\"thumbnailUrl\":\"https:\\\/\\\/medoledavedere.it\\\/wp-content\\\/uploads\\\/2023\\\/02\\\/image-6-1024x681.jpeg\",\"datePublished\":\"2023-02-16T19:05:28+00:00\",\"dateModified\":\"2023-03-01T18:22:54+00:00\",\"breadcrumb\":{\"@id\":\"https:\\\/\\\/medoledavedere.it\\\/la-deposizione-del-mantegna\\\/#breadcrumb\"},\"inLanguage\":\"en-GB\",\"potentialAction\":[{\"@type\":\"ReadAction\",\"target\":[\"https:\\\/\\\/medoledavedere.it\\\/la-deposizione-del-mantegna\\\/\"]}]},{\"@type\":\"ImageObject\",\"inLanguage\":\"en-GB\",\"@id\":\"https:\\\/\\\/medoledavedere.it\\\/la-deposizione-del-mantegna\\\/#primaryimage\",\"url\":\"https:\\\/\\\/medoledavedere.it\\\/wp-content\\\/uploads\\\/2023\\\/02\\\/image-6-1024x681.jpeg\",\"contentUrl\":\"https:\\\/\\\/medoledavedere.it\\\/wp-content\\\/uploads\\\/2023\\\/02\\\/image-6-1024x681.jpeg\"},{\"@type\":\"BreadcrumbList\",\"@id\":\"https:\\\/\\\/medoledavedere.it\\\/la-deposizione-del-mantegna\\\/#breadcrumb\",\"itemListElement\":[{\"@type\":\"ListItem\",\"position\":1,\"name\":\"Home\",\"item\":\"https:\\\/\\\/medoledavedere.it\\\/\"},{\"@type\":\"ListItem\",\"position\":2,\"name\":\"La Deposizione del Mantegna\"}]},{\"@type\":\"WebSite\",\"@id\":\"https:\\\/\\\/medoledavedere.it\\\/#website\",\"url\":\"https:\\\/\\\/medoledavedere.it\\\/\",\"name\":\"Medole da Vedere\",\"description\":\"\",\"potentialAction\":[{\"@type\":\"SearchAction\",\"target\":{\"@type\":\"EntryPoint\",\"urlTemplate\":\"https:\\\/\\\/medoledavedere.it\\\/?s={search_term_string}\"},\"query-input\":{\"@type\":\"PropertyValueSpecification\",\"valueRequired\":true,\"valueName\":\"search_term_string\"}}],\"inLanguage\":\"en-GB\"}]}<\/script>\n<!-- \/ Yoast SEO plugin. -->","yoast_head_json":{"title":"La Deposizione del Mantegna - Medole da Vedere","robots":{"index":"index","follow":"follow","max-snippet":"max-snippet:-1","max-image-preview":"max-image-preview:large","max-video-preview":"max-video-preview:-1"},"canonical":"https:\/\/medoledavedere.it\/en\/la-deposizione-del-mantegna\/","og_locale":"en_GB","og_type":"article","og_title":"La Deposizione del Mantegna - Medole da Vedere","og_description":"Il gruppo statuario in terracotta policroma oggi conservato nella Parrocchiale di Medole, era attribuito a Guido Mazzoni (1440\/50-1518) detto il Modanino, ma a seguito dei recenti restauri, \u00e8 stato riconosciuto come uno esempio straordinari di un anonimo strettamente legato alla scuola del Mantegna che di certo ne ha ispirato la composizione.\u00a0 La disposizione riprende da [&hellip;]","og_url":"https:\/\/medoledavedere.it\/en\/la-deposizione-del-mantegna\/","og_site_name":"Medole da Vedere","article_modified_time":"2023-03-01T18:22:54+00:00","og_image":[{"url":"https:\/\/medoledavedere.it\/wp-content\/uploads\/2023\/02\/image-6-1024x681.jpeg","type":"","width":"","height":""}],"twitter_card":"summary_large_image","twitter_misc":{"Estimated reading time":"4 minutes"},"schema":{"@context":"https:\/\/schema.org","@graph":[{"@type":"WebPage","@id":"https:\/\/medoledavedere.it\/la-deposizione-del-mantegna\/","url":"https:\/\/medoledavedere.it\/la-deposizione-del-mantegna\/","name":"La Deposizione del Mantegna - Medole da Vedere","isPartOf":{"@id":"https:\/\/medoledavedere.it\/#website"},"primaryImageOfPage":{"@id":"https:\/\/medoledavedere.it\/la-deposizione-del-mantegna\/#primaryimage"},"image":{"@id":"https:\/\/medoledavedere.it\/la-deposizione-del-mantegna\/#primaryimage"},"thumbnailUrl":"https:\/\/medoledavedere.it\/wp-content\/uploads\/2023\/02\/image-6-1024x681.jpeg","datePublished":"2023-02-16T19:05:28+00:00","dateModified":"2023-03-01T18:22:54+00:00","breadcrumb":{"@id":"https:\/\/medoledavedere.it\/la-deposizione-del-mantegna\/#breadcrumb"},"inLanguage":"en-GB","potentialAction":[{"@type":"ReadAction","target":["https:\/\/medoledavedere.it\/la-deposizione-del-mantegna\/"]}]},{"@type":"ImageObject","inLanguage":"en-GB","@id":"https:\/\/medoledavedere.it\/la-deposizione-del-mantegna\/#primaryimage","url":"https:\/\/medoledavedere.it\/wp-content\/uploads\/2023\/02\/image-6-1024x681.jpeg","contentUrl":"https:\/\/medoledavedere.it\/wp-content\/uploads\/2023\/02\/image-6-1024x681.jpeg"},{"@type":"BreadcrumbList","@id":"https:\/\/medoledavedere.it\/la-deposizione-del-mantegna\/#breadcrumb","itemListElement":[{"@type":"ListItem","position":1,"name":"Home","item":"https:\/\/medoledavedere.it\/"},{"@type":"ListItem","position":2,"name":"La Deposizione del Mantegna"}]},{"@type":"WebSite","@id":"https:\/\/medoledavedere.it\/#website","url":"https:\/\/medoledavedere.it\/","name":"Medole da Vedere","description":"","potentialAction":[{"@type":"SearchAction","target":{"@type":"EntryPoint","urlTemplate":"https:\/\/medoledavedere.it\/?s={search_term_string}"},"query-input":{"@type":"PropertyValueSpecification","valueRequired":true,"valueName":"search_term_string"}}],"inLanguage":"en-GB"}]}},"_links":{"self":[{"href":"https:\/\/medoledavedere.it\/en\/wp-json\/wp\/v2\/pages\/29","targetHints":{"allow":["GET"]}}],"collection":[{"href":"https:\/\/medoledavedere.it\/en\/wp-json\/wp\/v2\/pages"}],"about":[{"href":"https:\/\/medoledavedere.it\/en\/wp-json\/wp\/v2\/types\/page"}],"author":[{"embeddable":true,"href":"https:\/\/medoledavedere.it\/en\/wp-json\/wp\/v2\/users\/2"}],"replies":[{"embeddable":true,"href":"https:\/\/medoledavedere.it\/en\/wp-json\/wp\/v2\/comments?post=29"}],"version-history":[{"count":5,"href":"https:\/\/medoledavedere.it\/en\/wp-json\/wp\/v2\/pages\/29\/revisions"}],"predecessor-version":[{"id":243,"href":"https:\/\/medoledavedere.it\/en\/wp-json\/wp\/v2\/pages\/29\/revisions\/243"}],"wp:attachment":[{"href":"https:\/\/medoledavedere.it\/en\/wp-json\/wp\/v2\/media?parent=29"}],"curies":[{"name":"wp","href":"https:\/\/api.w.org\/{rel}","templated":true}]}}