{"id":40,"date":"2023-02-16T19:05:46","date_gmt":"2023-02-16T19:05:46","guid":{"rendered":"https:\/\/medoledavedere.it\/?page_id=40"},"modified":"2023-03-01T18:24:10","modified_gmt":"2023-03-01T18:24:10","slug":"la-madonna-della-pieve","status":"publish","type":"page","link":"https:\/\/medoledavedere.it\/en\/la-madonna-della-pieve\/","title":{"rendered":"Parish church of St. Mary"},"content":{"rendered":"<h2><\/h2>\n<figure id=\"attachment_41\" aria-describedby=\"caption-attachment-41\" style=\"width: 553px\" class=\"wp-caption alignnone\"><img fetchpriority=\"high\" decoding=\"async\" class=\"size-full wp-image-41\" src=\"https:\/\/medoledavedere.it\/wp-content\/uploads\/2023\/02\/image-10.jpeg\" alt=\"\" width=\"553\" height=\"522\" srcset=\"https:\/\/medoledavedere.it\/wp-content\/uploads\/2023\/02\/image-10.jpeg 553w, https:\/\/medoledavedere.it\/wp-content\/uploads\/2023\/02\/image-10-300x283.jpeg 300w\" sizes=\"(max-width: 553px) 100vw, 553px\" \/><figcaption id=\"caption-attachment-41\" class=\"wp-caption-text\">The Parish church, view of the apse<\/figcaption><\/figure>\n<p>&nbsp;<\/p>\n<p><span data-contrast=\"none\">In the northern part of the town, on the old road leading to Mantua, tourist cannot fail\nto see the Romanesque Parish church of St. Mary. Among the churches of the\nsurrounding area this is undoubtedly one of the most interesting in terms of\nconservation and quality of its works of art.<\/span><span data-ccp-props=\"{&quot;134233117&quot;:false,&quot;134233118&quot;:false,&quot;201341983&quot;:2,&quot;335551550&quot;:6,&quot;335551620&quot;:6,&quot;335559738&quot;:0,&quot;335559739&quot;:0,&quot;335559740&quot;:252}\">\u00a0<\/span><\/p>\n<p><span data-contrast=\"none\">It is a striking basilica-like building, with a single nave and gabled roof ending in a\nsemicircular apse supported by a bell tower, on top of which are elegant mullioned\nwindows. The walls are made of stone, brick and irregularly-arranged exposed\ncobbles, and are surmounted with terracotta arches, characteristic of the Lombard\nRomanesque style. The building, which dates back to the tenth century, has kept its\nappearance almost unchanged except for some measures to strengthen the stone\nstructure taken in later periods.<\/span><span data-ccp-props=\"{&quot;134233117&quot;:false,&quot;134233118&quot;:false,&quot;201341983&quot;:2,&quot;335551550&quot;:6,&quot;335551620&quot;:6,&quot;335559738&quot;:0,&quot;335559739&quot;:0,&quot;335559740&quot;:252}\">\u00a0<\/span><\/p>\n<figure id=\"attachment_42\" aria-describedby=\"caption-attachment-42\" style=\"width: 660px\" class=\"wp-caption alignnone\"><img decoding=\"async\" class=\"wp-image-42 size-large\" src=\"https:\/\/medoledavedere.it\/wp-content\/uploads\/2023\/02\/image-11-1024x725.jpeg\" alt=\"\" width=\"660\" height=\"467\" srcset=\"https:\/\/medoledavedere.it\/wp-content\/uploads\/2023\/02\/image-11-1024x725.jpeg 1024w, https:\/\/medoledavedere.it\/wp-content\/uploads\/2023\/02\/image-11-300x212.jpeg 300w, https:\/\/medoledavedere.it\/wp-content\/uploads\/2023\/02\/image-11-768x543.jpeg 768w, https:\/\/medoledavedere.it\/wp-content\/uploads\/2023\/02\/image-11-1536x1087.jpeg 1536w, https:\/\/medoledavedere.it\/wp-content\/uploads\/2023\/02\/image-11-2048x1449.jpeg 2048w\" sizes=\"(max-width: 660px) 100vw, 660px\" \/><figcaption id=\"caption-attachment-42\" class=\"wp-caption-text\">The Parish church, facade<\/figcaption><\/figure>\n<p><span data-contrast=\"none\">Further works in the 1900s removed the baroque ornaments inside the church\nrevealing frescoes the origin of which is supposed \u2013 by comparison with similar\nworks \u2013<\/span><\/p>\n<p><span data-contrast=\"none\">to date back to the beginning of the fourteenth century up to the first half of\nthe fifteenth century.<\/span><span data-ccp-props=\"{&quot;134233117&quot;:false,&quot;134233118&quot;:false,&quot;201341983&quot;:2,&quot;335551550&quot;:6,&quot;335551620&quot;:6,&quot;335559738&quot;:0,&quot;335559739&quot;:0,&quot;335559740&quot;:252}\">\u00a0<\/span><\/p>\n<p><span data-contrast=\"none\">What strikes the visitor on stepping into the church is the grandeur and good\ncondition of the apsidal paintings. The frescoes are developed in three distinct\nregisters: the largest, in the apsidal basin, represents Christ Pantocrator in a rainbow\nmandorla surrounded by the symbols of the evangelists and by two saints in a\ndevotional attitude. The middle register shows a procession of saints. In the lower\nregister, normally consecrated to devotional painting, the upper parts of panels\ndepicting two enthroned Madonnas and Child and a Crucifixion are still visible.<\/span><span data-ccp-props=\"{&quot;134233117&quot;:false,&quot;134233118&quot;:false,&quot;201341983&quot;:2,&quot;335551550&quot;:6,&quot;335551620&quot;:6,&quot;335559738&quot;:0,&quot;335559739&quot;:0,&quot;335559740&quot;:252}\">\u00a0<\/span><\/p>\n<figure id=\"attachment_43\" aria-describedby=\"caption-attachment-43\" style=\"width: 1707px\" class=\"wp-caption alignnone\"><img decoding=\"async\" class=\"size-full wp-image-43\" src=\"https:\/\/medoledavedere.it\/wp-content\/uploads\/2023\/02\/image-12-scaled.jpeg\" alt=\"\" width=\"1707\" height=\"2560\" srcset=\"https:\/\/medoledavedere.it\/wp-content\/uploads\/2023\/02\/image-12-scaled.jpeg 1707w, https:\/\/medoledavedere.it\/wp-content\/uploads\/2023\/02\/image-12-200x300.jpeg 200w, https:\/\/medoledavedere.it\/wp-content\/uploads\/2023\/02\/image-12-683x1024.jpeg 683w, https:\/\/medoledavedere.it\/wp-content\/uploads\/2023\/02\/image-12-768x1152.jpeg 768w, https:\/\/medoledavedere.it\/wp-content\/uploads\/2023\/02\/image-12-1024x1536.jpeg 1024w, https:\/\/medoledavedere.it\/wp-content\/uploads\/2023\/02\/image-12-1365x2048.jpeg 1365w\" sizes=\"(max-width: 1707px) 100vw, 1707px\" \/><figcaption id=\"caption-attachment-43\" class=\"wp-caption-text\">The Parish church, apsidal basin<\/figcaption><\/figure>\n<p><span data-ccp-props=\"{&quot;201341983&quot;:0,&quot;335559739&quot;:200,&quot;335559740&quot;:276}\">\u00a0<\/span><\/p>","protected":false},"excerpt":{"rendered":"<p>&nbsp; Posta a nord del centro abitato sulla vecchia strada che porta a Mantova \u00e8 inevitabile scorgere la chiesa di Santa Maria della Pieve. Tra le pievi dei territori circostanti questa \u00e8 di certo per conservazione e qualit\u00e0 degli apparati pittorici una delle pi\u00f9 interessanti.\u00a0 Si tratta di un suggestivo edificio di impianto basilicale a [&hellip;]<\/p>","protected":false},"author":2,"featured_media":0,"parent":0,"menu_order":0,"comment_status":"closed","ping_status":"closed","template":"","meta":{"_coblocks_attr":"","_coblocks_dimensions":"","_coblocks_responsive_height":"","_coblocks_accordion_ie_support":"","hide_page_title":"","footnotes":""},"class_list":["post-40","page","type-page","status-publish","hentry"],"yoast_head":"<!-- This site is optimized with the Yoast SEO plugin v27.4 - https:\/\/yoast.com\/product\/yoast-seo-wordpress\/ -->\n<title>La Madonna della Pieve - Medole da Vedere<\/title>\n<meta name=\"robots\" content=\"index, follow, max-snippet:-1, max-image-preview:large, max-video-preview:-1\" \/>\n<link rel=\"canonical\" href=\"https:\/\/medoledavedere.it\/en\/la-madonna-della-pieve\/\" \/>\n<meta property=\"og:locale\" content=\"en_GB\" \/>\n<meta property=\"og:type\" content=\"article\" \/>\n<meta property=\"og:title\" content=\"La Madonna della Pieve - Medole da Vedere\" \/>\n<meta property=\"og:description\" content=\"&nbsp; Posta a nord del centro abitato sulla vecchia strada che porta a Mantova \u00e8 inevitabile scorgere la chiesa di Santa Maria della Pieve. Tra le pievi dei territori circostanti questa \u00e8 di certo per conservazione e qualit\u00e0 degli apparati pittorici una delle pi\u00f9 interessanti.\u00a0 Si tratta di un suggestivo edificio di impianto basilicale a [&hellip;]\" \/>\n<meta property=\"og:url\" content=\"https:\/\/medoledavedere.it\/en\/la-madonna-della-pieve\/\" \/>\n<meta property=\"og:site_name\" content=\"Medole da Vedere\" \/>\n<meta property=\"article:modified_time\" content=\"2023-03-01T18:24:10+00:00\" \/>\n<meta property=\"og:image\" content=\"https:\/\/medoledavedere.it\/wp-content\/uploads\/2023\/02\/image-10.jpeg\" \/>\n<meta name=\"twitter:card\" content=\"summary_large_image\" \/>\n<meta name=\"twitter:label1\" content=\"Estimated reading time\" \/>\n\t<meta name=\"twitter:data1\" content=\"3 minutes\" \/>\n<script type=\"application\/ld+json\" class=\"yoast-schema-graph\">{\"@context\":\"https:\\\/\\\/schema.org\",\"@graph\":[{\"@type\":\"WebPage\",\"@id\":\"https:\\\/\\\/medoledavedere.it\\\/la-madonna-della-pieve\\\/\",\"url\":\"https:\\\/\\\/medoledavedere.it\\\/la-madonna-della-pieve\\\/\",\"name\":\"La Madonna della Pieve - Medole da Vedere\",\"isPartOf\":{\"@id\":\"https:\\\/\\\/medoledavedere.it\\\/#website\"},\"primaryImageOfPage\":{\"@id\":\"https:\\\/\\\/medoledavedere.it\\\/la-madonna-della-pieve\\\/#primaryimage\"},\"image\":{\"@id\":\"https:\\\/\\\/medoledavedere.it\\\/la-madonna-della-pieve\\\/#primaryimage\"},\"thumbnailUrl\":\"https:\\\/\\\/medoledavedere.it\\\/wp-content\\\/uploads\\\/2023\\\/02\\\/image-10.jpeg\",\"datePublished\":\"2023-02-16T19:05:46+00:00\",\"dateModified\":\"2023-03-01T18:24:10+00:00\",\"breadcrumb\":{\"@id\":\"https:\\\/\\\/medoledavedere.it\\\/la-madonna-della-pieve\\\/#breadcrumb\"},\"inLanguage\":\"en-GB\",\"potentialAction\":[{\"@type\":\"ReadAction\",\"target\":[\"https:\\\/\\\/medoledavedere.it\\\/la-madonna-della-pieve\\\/\"]}]},{\"@type\":\"ImageObject\",\"inLanguage\":\"en-GB\",\"@id\":\"https:\\\/\\\/medoledavedere.it\\\/la-madonna-della-pieve\\\/#primaryimage\",\"url\":\"https:\\\/\\\/medoledavedere.it\\\/wp-content\\\/uploads\\\/2023\\\/02\\\/image-10.jpeg\",\"contentUrl\":\"https:\\\/\\\/medoledavedere.it\\\/wp-content\\\/uploads\\\/2023\\\/02\\\/image-10.jpeg\"},{\"@type\":\"BreadcrumbList\",\"@id\":\"https:\\\/\\\/medoledavedere.it\\\/la-madonna-della-pieve\\\/#breadcrumb\",\"itemListElement\":[{\"@type\":\"ListItem\",\"position\":1,\"name\":\"Home\",\"item\":\"https:\\\/\\\/medoledavedere.it\\\/\"},{\"@type\":\"ListItem\",\"position\":2,\"name\":\"La Madonna della Pieve\"}]},{\"@type\":\"WebSite\",\"@id\":\"https:\\\/\\\/medoledavedere.it\\\/#website\",\"url\":\"https:\\\/\\\/medoledavedere.it\\\/\",\"name\":\"Medole da Vedere\",\"description\":\"\",\"potentialAction\":[{\"@type\":\"SearchAction\",\"target\":{\"@type\":\"EntryPoint\",\"urlTemplate\":\"https:\\\/\\\/medoledavedere.it\\\/?s={search_term_string}\"},\"query-input\":{\"@type\":\"PropertyValueSpecification\",\"valueRequired\":true,\"valueName\":\"search_term_string\"}}],\"inLanguage\":\"en-GB\"}]}<\/script>\n<!-- \/ Yoast SEO plugin. -->","yoast_head_json":{"title":"La Madonna della Pieve - Medole da Vedere","robots":{"index":"index","follow":"follow","max-snippet":"max-snippet:-1","max-image-preview":"max-image-preview:large","max-video-preview":"max-video-preview:-1"},"canonical":"https:\/\/medoledavedere.it\/en\/la-madonna-della-pieve\/","og_locale":"en_GB","og_type":"article","og_title":"La Madonna della Pieve - Medole da Vedere","og_description":"&nbsp; Posta a nord del centro abitato sulla vecchia strada che porta a Mantova \u00e8 inevitabile scorgere la chiesa di Santa Maria della Pieve. Tra le pievi dei territori circostanti questa \u00e8 di certo per conservazione e qualit\u00e0 degli apparati pittorici una delle pi\u00f9 interessanti.\u00a0 Si tratta di un suggestivo edificio di impianto basilicale a [&hellip;]","og_url":"https:\/\/medoledavedere.it\/en\/la-madonna-della-pieve\/","og_site_name":"Medole da Vedere","article_modified_time":"2023-03-01T18:24:10+00:00","og_image":[{"url":"https:\/\/medoledavedere.it\/wp-content\/uploads\/2023\/02\/image-10.jpeg","type":"","width":"","height":""}],"twitter_card":"summary_large_image","twitter_misc":{"Estimated reading time":"3 minutes"},"schema":{"@context":"https:\/\/schema.org","@graph":[{"@type":"WebPage","@id":"https:\/\/medoledavedere.it\/la-madonna-della-pieve\/","url":"https:\/\/medoledavedere.it\/la-madonna-della-pieve\/","name":"La Madonna della Pieve - Medole da Vedere","isPartOf":{"@id":"https:\/\/medoledavedere.it\/#website"},"primaryImageOfPage":{"@id":"https:\/\/medoledavedere.it\/la-madonna-della-pieve\/#primaryimage"},"image":{"@id":"https:\/\/medoledavedere.it\/la-madonna-della-pieve\/#primaryimage"},"thumbnailUrl":"https:\/\/medoledavedere.it\/wp-content\/uploads\/2023\/02\/image-10.jpeg","datePublished":"2023-02-16T19:05:46+00:00","dateModified":"2023-03-01T18:24:10+00:00","breadcrumb":{"@id":"https:\/\/medoledavedere.it\/la-madonna-della-pieve\/#breadcrumb"},"inLanguage":"en-GB","potentialAction":[{"@type":"ReadAction","target":["https:\/\/medoledavedere.it\/la-madonna-della-pieve\/"]}]},{"@type":"ImageObject","inLanguage":"en-GB","@id":"https:\/\/medoledavedere.it\/la-madonna-della-pieve\/#primaryimage","url":"https:\/\/medoledavedere.it\/wp-content\/uploads\/2023\/02\/image-10.jpeg","contentUrl":"https:\/\/medoledavedere.it\/wp-content\/uploads\/2023\/02\/image-10.jpeg"},{"@type":"BreadcrumbList","@id":"https:\/\/medoledavedere.it\/la-madonna-della-pieve\/#breadcrumb","itemListElement":[{"@type":"ListItem","position":1,"name":"Home","item":"https:\/\/medoledavedere.it\/"},{"@type":"ListItem","position":2,"name":"La Madonna della Pieve"}]},{"@type":"WebSite","@id":"https:\/\/medoledavedere.it\/#website","url":"https:\/\/medoledavedere.it\/","name":"Medole da Vedere","description":"","potentialAction":[{"@type":"SearchAction","target":{"@type":"EntryPoint","urlTemplate":"https:\/\/medoledavedere.it\/?s={search_term_string}"},"query-input":{"@type":"PropertyValueSpecification","valueRequired":true,"valueName":"search_term_string"}}],"inLanguage":"en-GB"}]}},"_links":{"self":[{"href":"https:\/\/medoledavedere.it\/en\/wp-json\/wp\/v2\/pages\/40","targetHints":{"allow":["GET"]}}],"collection":[{"href":"https:\/\/medoledavedere.it\/en\/wp-json\/wp\/v2\/pages"}],"about":[{"href":"https:\/\/medoledavedere.it\/en\/wp-json\/wp\/v2\/types\/page"}],"author":[{"embeddable":true,"href":"https:\/\/medoledavedere.it\/en\/wp-json\/wp\/v2\/users\/2"}],"replies":[{"embeddable":true,"href":"https:\/\/medoledavedere.it\/en\/wp-json\/wp\/v2\/comments?post=40"}],"version-history":[{"count":5,"href":"https:\/\/medoledavedere.it\/en\/wp-json\/wp\/v2\/pages\/40\/revisions"}],"predecessor-version":[{"id":245,"href":"https:\/\/medoledavedere.it\/en\/wp-json\/wp\/v2\/pages\/40\/revisions\/245"}],"wp:attachment":[{"href":"https:\/\/medoledavedere.it\/en\/wp-json\/wp\/v2\/media?parent=40"}],"curies":[{"name":"wp","href":"https:\/\/api.w.org\/{rel}","templated":true}]}}